{"id":26,"date":"2024-01-18T19:31:55","date_gmt":"2024-01-18T18:31:55","guid":{"rendered":"http:\/\/thetastepassport.com\/backend\/?post_type=product&#038;p=26"},"modified":"2024-01-22T19:37:14","modified_gmt":"2024-01-22T18:37:14","slug":"vinos-de-oportopor","status":"publish","type":"product","link":"http:\/\/thetastepassport.com\/backend\/producto\/vinos-de-oportopor\/","title":{"rendered":"El vino de Oporto como eje de nuevas experiencias(PT)"},"content":{"rendered":"<h2>Tour sobre el vino de Oporto por Vilanova de Gaia<\/h2>\n<h3>Al otro lado del puente de Oporto se esconde, en Vilanova de Gaia, una oferta sorprendente: WOW. World of Wine o mundo del vino&#8230; de Oporto<\/h3>\n<div><img loading=\"lazy\" decoding=\"async\" class=\"alignnone size-medium wp-image-108\" src=\"http:\/\/thetastepassport.com\/backend\/wp-content\/uploads\/2024\/01\/oporto_wow-300x134.jpg\" alt=\"\" width=\"300\" height=\"134\" srcset=\"http:\/\/thetastepassport.com\/backend\/wp-content\/uploads\/2024\/01\/oporto_wow-300x134.jpg 300w, http:\/\/thetastepassport.com\/backend\/wp-content\/uploads\/2024\/01\/oporto_wow-600x269.jpg 600w, http:\/\/thetastepassport.com\/backend\/wp-content\/uploads\/2024\/01\/oporto_wow.jpg 670w\" sizes=\"auto, (max-width: 300px) 100vw, 300px\" \/><\/div>\n<div>Museos y bodegas se unen para ofrecer el conocimiento sobre el corcho, las barricas, las bodegas y para los m\u00e1s dependientes de Instagram&#8230; bucear en rosado<\/div>\n<div>\u00a0Volaremos primero a Oporto, para cruzar directamente a la zona de bodegas y museos<\/div>\n<h3>Itinerario propuesto<\/h3>\n<div><strong>D\u00eda 1<\/strong>: Vuelo a Oporto, visita al Mercado de Bolhao, visita a la estaci\u00f3n de sa Bento y al caf\u00e9 Nata Lisboa donde probar las natas, para a la tarde visitar la librer\u00eda Lello e Irmao<\/div>\n<div><strong>D\u00eda 2:<\/strong> Visita a Vilanova de Gaia, bodegas y museos<\/div>\n<div><strong>D\u00eda 3:<\/strong> Vuelta desde el aeropuerto<\/div>\n<div>Alojamientos disponibles: Santa Catarina Suites, Turim Porto hotel, The Gate<\/div>\n","protected":false},"excerpt":{"rendered":"<p>Tour sobre el vino de Oporto por Vilanova de Gaia Al otro lado del puente de Oporto se esconde, en Vilanova de Gaia, una oferta sorprendente: WOW. World of Wine o mundo del vino&#8230; de Oporto Museos y bodegas se unen para ofrecer el conocimiento sobre el corcho, las barricas, las bodegas y para los [&hellip;]<\/p>\n","protected":false},"featured_media":27,"comment_status":"open","ping_status":"closed","template":"","meta":[],"product_cat":[16],"product_tag":[],"class_list":{"0":"post-26","1":"product","2":"type-product","3":"status-publish","4":"has-post-thumbnail","6":"product_cat-sin-categorizar","8":"first","9":"instock","10":"downloadable","11":"shipping-taxable","12":"purchasable","13":"product-type-simple"},"jetpack_sharing_enabled":true,"_links":{"self":[{"href":"http:\/\/thetastepassport.com\/backend\/wp-json\/wp\/v2\/product\/26","targetHints":{"allow":["GET"]}}],"collection":[{"href":"http:\/\/thetastepassport.com\/backend\/wp-json\/wp\/v2\/product"}],"about":[{"href":"http:\/\/thetastepassport.com\/backend\/wp-json\/wp\/v2\/types\/product"}],"replies":[{"embeddable":true,"href":"http:\/\/thetastepassport.com\/backend\/wp-json\/wp\/v2\/comments?post=26"}],"wp:featuredmedia":[{"embeddable":true,"href":"http:\/\/thetastepassport.com\/backend\/wp-json\/wp\/v2\/media\/27"}],"wp:attachment":[{"href":"http:\/\/thetastepassport.com\/backend\/wp-json\/wp\/v2\/media?parent=26"}],"wp:term":[{"taxonomy":"product_cat","embeddable":true,"href":"http:\/\/thetastepassport.com\/backend\/wp-json\/wp\/v2\/product_cat?post=26"},{"taxonomy":"product_tag","embeddable":true,"href":"http:\/\/thetastepassport.com\/backend\/wp-json\/wp\/v2\/product_tag?post=26"}],"curies":[{"name":"wp","href":"https:\/\/api.w.org\/{rel}","templated":true}]}}